{"id":14,"date":"2012-02-21T09:56:45","date_gmt":"2012-02-21T08:56:45","guid":{"rendered":"http:\/\/www.wordpress.drum-art-studio.de\/?page_id=14"},"modified":"2025-11-29T17:45:59","modified_gmt":"2025-11-29T16:45:59","slug":"unterricht","status":"publish","type":"page","link":"https:\/\/www.drum-art-studio.de\/?page_id=14","title":{"rendered":"Unterricht"},"content":{"rendered":"<h1 style=\"text-align: center;\"><span style=\"color: #ff6600;\">Unterricht<\/span><\/h1>\n<p>Die Schlagzeug-Ausbildung ist p\u00e4dagogisch aufgebaut und beinhaltet alle Stilrichtungen wie Rock, Pop, Jazz, Latin, Klassik etc.<\/p>\n<p>Der Unterricht wird <strong>Montag bis Donnerstag von 14:00 &#8211; 22:00 Uhr<\/strong> angeboten. Grundlage der Ausbildung ist die &#8222;Agostini-Methode&#8220; f\u00fcr Anf\u00e4nger wie Fortgeschrittene.<\/p>\n<p>Stilanalysen und Groove sowie Improvisation und Lehrmaterial von international bekannten Drummern erweitern den Unterricht.<\/p>\n<p>Ob Hobby- oder Amateurschlagzeuger, die von Anfang an dabei sein wollen sowie Semi-Profis und Vollprofis, die ihr K\u00f6nnen und Wissen erweitern m\u00f6chten, jeder ist gerne willkommen.<\/p>\n<p>Im Juli eines jeden Jahres findet eine Sch\u00fcler-Pr\u00e4sentation vor Eltern, Sch\u00fclern und Freunden statt.<\/p>\n<p>Im pers\u00f6nlichen Gespr\u00e4ch findet eine Beurteilung statt; Zeugnisse und schriftliche Beurteilungen entfallen &#8211; im <span style=\"color: #ff6600;\"><strong>drum art studio<\/strong><\/span> steht der Spa\u00df am Musikmachen an oberster Stelle!<\/p>\n<p>F\u00fcr den Einzelunterricht von 60 Minuten Dauer steht hochwertiges Equipment zur Verf\u00fcgung.<\/p>\n","protected":false},"excerpt":{"rendered":"<p>Unterricht Die Schlagzeug-Ausbildung ist p\u00e4dagogisch aufgebaut und beinhaltet alle Stilrichtungen wie Rock, Pop, Jazz, Latin, Klassik etc. Der Unterricht wird Montag bis Donnerstag von 14:00 &#8211; 22:00 Uhr angeboten. Grundlage der Ausbildung ist die &#8222;Agostini-Methode&#8220; f\u00fcr Anf\u00e4nger wie Fortgeschrittene. Stilanalysen und Groove sowie Improvisation und Lehrmaterial von international bekannten Drummern erweitern den Unterricht. Ob Hobby-&hellip;<\/p>\n","protected":false},"author":1,"featured_media":0,"parent":0,"menu_order":4,"comment_status":"closed","ping_status":"closed","template":"","meta":{"footnotes":""},"class_list":["post-14","page","type-page","status-publish","hentry"],"_links":{"self":[{"href":"https:\/\/www.drum-art-studio.de\/index.php?rest_route=\/wp\/v2\/pages\/14","targetHints":{"allow":["GET"]}}],"collection":[{"href":"https:\/\/www.drum-art-studio.de\/index.php?rest_route=\/wp\/v2\/pages"}],"about":[{"href":"https:\/\/www.drum-art-studio.de\/index.php?rest_route=\/wp\/v2\/types\/page"}],"author":[{"embeddable":true,"href":"https:\/\/www.drum-art-studio.de\/index.php?rest_route=\/wp\/v2\/users\/1"}],"replies":[{"embeddable":true,"href":"https:\/\/www.drum-art-studio.de\/index.php?rest_route=%2Fwp%2Fv2%2Fcomments&post=14"}],"version-history":[{"count":8,"href":"https:\/\/www.drum-art-studio.de\/index.php?rest_route=\/wp\/v2\/pages\/14\/revisions"}],"predecessor-version":[{"id":402,"href":"https:\/\/www.drum-art-studio.de\/index.php?rest_route=\/wp\/v2\/pages\/14\/revisions\/402"}],"wp:attachment":[{"href":"https:\/\/www.drum-art-studio.de\/index.php?rest_route=%2Fwp%2Fv2%2Fmedia&parent=14"}],"curies":[{"name":"wp","href":"https:\/\/api.w.org\/{rel}","templated":true}]}}