{"id":17,"date":"2012-02-21T09:57:23","date_gmt":"2012-02-21T08:57:23","guid":{"rendered":"http:\/\/www.wordpress.drum-art-studio.de\/?page_id=17"},"modified":"2025-11-29T17:37:34","modified_gmt":"2025-11-29T16:37:34","slug":"anmeldung","status":"publish","type":"page","link":"https:\/\/www.drum-art-studio.de\/?page_id=17","title":{"rendered":"Anmeldung"},"content":{"rendered":"<h1 style=\"text-align: center;\"><span style=\"color: #ff6600;\">Anmeldung<\/span><\/h1>\n<p>Sie k\u00f6nnen sich hier das Anmeldeformular und die Unterrichtsbedingungen downloaden (Acrobat Reader erforderlich!). Das ausgef\u00fcllte Formular schicken Sie bitte an die nachfolgend angegebene Adresse zur\u00fcck.<\/p>\n<p>Bei R\u00fcckfragen stehe ich Ihnen gerne telefonisch oder per E-Mail zur Verf\u00fcgung.<\/p>\n<p><strong>Holger R\u00f6der<\/strong><br \/>\n<strong> Eduard-Spranger-Str. 8<\/strong><br \/>\n<strong> 80935 M\u00fcnchen<\/strong><br \/>\n<strong> Tel.: 089 \/ 313 68 10<\/strong><\/p>\n<p><strong>E-Mail: <a href=\"mailto:info@drum-art-studio.de\">info@drum-art-studio.de<\/a><\/strong><\/p>\n<p>&nbsp;<\/p>\n<p><a href=\"http:\/\/www.drum-art-studio.de\/wp-content\/uploads\/2025\/11\/unterrichtsbedingungen_2024.pdf\">Unterrichtsbedingungen<\/a><\/p>\n<p><a href=\"http:\/\/www.wordpress.drum-art-studio.de\/wp-content\/uploads\/2017\/01\/vertrag.pdf\">Unterrichtsvertrag<\/a><\/p>\n","protected":false},"excerpt":{"rendered":"<p>Anmeldung Sie k\u00f6nnen sich hier das Anmeldeformular und die Unterrichtsbedingungen downloaden (Acrobat Reader erforderlich!). Das ausgef\u00fcllte Formular schicken Sie bitte an die nachfolgend angegebene Adresse zur\u00fcck. Bei R\u00fcckfragen stehe ich Ihnen gerne telefonisch oder per E-Mail zur Verf\u00fcgung. Holger R\u00f6der Eduard-Spranger-Str. 8 80935 M\u00fcnchen Tel.: 089 \/ 313 68 10 E-Mail: info@drum-art-studio.de &nbsp; Unterrichtsbedingungen Unterrichtsvertrag<\/p>\n","protected":false},"author":1,"featured_media":0,"parent":0,"menu_order":5,"comment_status":"closed","ping_status":"closed","template":"","meta":{"footnotes":""},"class_list":["post-17","page","type-page","status-publish","hentry"],"_links":{"self":[{"href":"https:\/\/www.drum-art-studio.de\/index.php?rest_route=\/wp\/v2\/pages\/17","targetHints":{"allow":["GET"]}}],"collection":[{"href":"https:\/\/www.drum-art-studio.de\/index.php?rest_route=\/wp\/v2\/pages"}],"about":[{"href":"https:\/\/www.drum-art-studio.de\/index.php?rest_route=\/wp\/v2\/types\/page"}],"author":[{"embeddable":true,"href":"https:\/\/www.drum-art-studio.de\/index.php?rest_route=\/wp\/v2\/users\/1"}],"replies":[{"embeddable":true,"href":"https:\/\/www.drum-art-studio.de\/index.php?rest_route=%2Fwp%2Fv2%2Fcomments&post=17"}],"version-history":[{"count":13,"href":"https:\/\/www.drum-art-studio.de\/index.php?rest_route=\/wp\/v2\/pages\/17\/revisions"}],"predecessor-version":[{"id":396,"href":"https:\/\/www.drum-art-studio.de\/index.php?rest_route=\/wp\/v2\/pages\/17\/revisions\/396"}],"wp:attachment":[{"href":"https:\/\/www.drum-art-studio.de\/index.php?rest_route=%2Fwp%2Fv2%2Fmedia&parent=17"}],"curies":[{"name":"wp","href":"https:\/\/api.w.org\/{rel}","templated":true}]}}