{"id":2,"date":"2012-02-21T09:00:19","date_gmt":"2012-02-21T08:00:19","guid":{"rendered":"http:\/\/www.wordpress.drum-art-studio.de\/?page_id=2"},"modified":"2025-11-29T17:44:36","modified_gmt":"2025-11-29T16:44:36","slug":"beispiel-seite","status":"publish","type":"page","link":"https:\/\/www.drum-art-studio.de\/","title":{"rendered":"Home"},"content":{"rendered":"<h1 style=\"text-align: center;\"><span style=\"color: #ff6600;\"><strong>drum art studio &#8211; M\u00fcnchen<\/strong><\/span><\/h1>\n<h3 style=\"text-align: center;\"><span style=\"color: #999999;\"><strong>Moderner Schlagzeugunterricht mit<\/strong><\/span><br \/>\n<span style=\"color: #999999;\"> <strong> systematischem Aufbau in allen Stilrichtungen<\/strong><\/span><\/h3>\n<h4><strong><span style=\"color: #0000ff;\">\u00a0<\/span><\/strong><\/h4>\n<h3><span style=\"color: #ff6600;\">35 Jahre drum art studio<\/span><\/h3>\n<figure id=\"attachment_213\" aria-describedby=\"caption-attachment-213\" style=\"width: 400px\" class=\"wp-caption alignright\"><img loading=\"lazy\" decoding=\"async\" class=\"wp-image-213 size-full\" src=\"http:\/\/www.wordpress.drum-art-studio.de\/wp-content\/uploads\/2017\/01\/holger.jpeg\" width=\"400\" height=\"266\" srcset=\"https:\/\/www.drum-art-studio.de\/wp-content\/uploads\/2017\/01\/holger.jpeg 400w, https:\/\/www.drum-art-studio.de\/wp-content\/uploads\/2017\/01\/holger-300x200.jpeg 300w\" sizes=\"auto, (max-width: 400px) 100vw, 400px\" \/><figcaption id=\"caption-attachment-213\" class=\"wp-caption-text\">Du willst Schlagzeug lernen? Hier bist Du richtig und hast in allen Richtungen die verschiedensten M\u00f6glichkeiten!<\/figcaption><\/figure>\n<p>Von der Agostini Schlagzeugschule zum eigenen drum art studio<\/p>\n<p>Seit 43 Jahren Schlagzeugunterricht in M\u00fcnchen!<\/p>\n<h2 style=\"text-align: left;\"><span style=\"color: #ff0000;\"><strong>Standorte:<br \/>\nM\u00fcnchen-Nord Lerchenau<br \/>\nM\u00fcnchen Nord-West Allach<\/strong><\/span><\/h2>\n<h4><span style=\"color: #ff6600;\">Holger R\u00f6der<\/span><br \/>\nTel.: 089 \/ 313 68 10<\/h4>\n<address><a href=\"mailto:info@drum-art-studio.de\">info@drum-art-studio.de<\/a><\/address>\n","protected":false},"excerpt":{"rendered":"<p>drum art studio &#8211; M\u00fcnchen Moderner Schlagzeugunterricht mit systematischem Aufbau in allen Stilrichtungen \u00a0 35 Jahre drum art studio Von der Agostini Schlagzeugschule zum eigenen drum art studio Seit 43 Jahren Schlagzeugunterricht in M\u00fcnchen! Standorte: M\u00fcnchen-Nord Lerchenau M\u00fcnchen Nord-West Allach Holger R\u00f6der Tel.: 089 \/ 313 68 10 info@drum-art-studio.de<\/p>\n","protected":false},"author":1,"featured_media":0,"parent":0,"menu_order":1,"comment_status":"closed","ping_status":"closed","template":"","meta":{"footnotes":""},"class_list":["post-2","page","type-page","status-publish","hentry"],"_links":{"self":[{"href":"https:\/\/www.drum-art-studio.de\/index.php?rest_route=\/wp\/v2\/pages\/2","targetHints":{"allow":["GET"]}}],"collection":[{"href":"https:\/\/www.drum-art-studio.de\/index.php?rest_route=\/wp\/v2\/pages"}],"about":[{"href":"https:\/\/www.drum-art-studio.de\/index.php?rest_route=\/wp\/v2\/types\/page"}],"author":[{"embeddable":true,"href":"https:\/\/www.drum-art-studio.de\/index.php?rest_route=\/wp\/v2\/users\/1"}],"replies":[{"embeddable":true,"href":"https:\/\/www.drum-art-studio.de\/index.php?rest_route=%2Fwp%2Fv2%2Fcomments&post=2"}],"version-history":[{"count":47,"href":"https:\/\/www.drum-art-studio.de\/index.php?rest_route=\/wp\/v2\/pages\/2\/revisions"}],"predecessor-version":[{"id":401,"href":"https:\/\/www.drum-art-studio.de\/index.php?rest_route=\/wp\/v2\/pages\/2\/revisions\/401"}],"wp:attachment":[{"href":"https:\/\/www.drum-art-studio.de\/index.php?rest_route=%2Fwp%2Fv2%2Fmedia&parent=2"}],"curies":[{"name":"wp","href":"https:\/\/api.w.org\/{rel}","templated":true}]}}