{"id":25,"date":"2012-02-21T09:59:17","date_gmt":"2012-02-21T08:59:17","guid":{"rendered":"http:\/\/www.wordpress.drum-art-studio.de\/?page_id=25"},"modified":"2019-05-05T16:28:17","modified_gmt":"2019-05-05T14:28:17","slug":"impressum","status":"publish","type":"page","link":"https:\/\/www.drum-art-studio.de\/?page_id=25","title":{"rendered":"Impressum \/ Datenschutz"},"content":{"rendered":"<h1 style=\"text-align: center;\"><span style=\"color: #ff6600;\">Impressum \/ Datenschutz<br \/>\n<\/span><\/h1>\n<p><strong>Inhalt und Gestaltung<\/strong><br \/>\ndrum art studio<\/p>\n<p><strong>Kontakt<\/strong><br \/>\nHolger R\u00f6der<br \/>\nEduard-Spranger-Strasse 8<br \/>\n80935 M\u00fcnchen<\/p>\n<p>Tel.: 089 \/ 3136810<br \/>\n<a href=\"mailto:info@drum-art-studio.de\">info@drum-art-studio.de<\/a><\/p>\n<p>&nbsp;<\/p>\n<h2>Disclaimer \u2013 rechtliche Hinweise<\/h2>\n<p><strong>1. Haftungsbeschr\u00e4nkung<\/strong><br \/>\nDie Inhalte des Internetauftritts wurden mit gr\u00f6\u00dftm\u00f6glicher Sorgfalt und nach bestem Gewissen erstellt. Dennoch \u00fcbernimmt der Anbieter dieser Webseite keine Gew\u00e4hr f\u00fcr die Aktualit\u00e4t, Vollst\u00e4ndigkeit und Richtigkeit der bereitgestellten Seiten und Inhalte.<\/p>\n<p>Als Diensteanbieter ist der Anbieter dieser Webseite gem\u00e4\u00df \u00a7 7 Abs. 1 TMG f\u00fcr eigene Inhalte und bereitgestellte Informationen auf diesen Seiten nach den allgemeinen Gesetzen verantwortlich; nach den \u00a7\u00a7 8 bis 10 TMG jedoch nicht verpflichtet, die \u00fcbermittelten oder gespeicherten fremden Informationen zu \u00fcberwachen. Eine Entfernung oder Sperrung dieser Inhalte erfolgt umgehend ab dem Zeitpunkt der Kenntnis einer konkreten Rechtsverletzung. Eine Haftung ist erst ab dem Zeitpunkt der Kenntniserlangung m\u00f6glich.<\/p>\n<p><strong>2. Externe Links<\/strong><br \/>\nDie Webseite enth\u00e4lt sog. \u00abexterne Links\u00bb (Verlinkungen) zu anderen Webseiten, auf deren Inhalt der Anbieter der Webseite keinen Einfluss hat. Aus diesem Grund kann der Anbieter f\u00fcr diese Inhalte auch keine Gew\u00e4hr \u00fcbernehmen.<br \/>\nF\u00fcr die Inhalte und Richtigkeit der bereitgestellten Informationen ist der jeweilige Anbieter der verlinkten Webseite verantwortlich. Zum Zeitpunkt der Verlinkung waren keine Rechtsverst\u00f6\u00dfe erkennbar. Bei Bekanntwerden einer solchen Rechtsverletzung wird der Link umgehend entfernen.<\/p>\n<p><strong>3. Urheberrecht\/Leistungsschutzrecht<\/strong><br \/>\nDie auf dieser Webseite ver\u00f6ffentlichten Inhalte, Werke und bereitgestellten Informationen unterliegen dem deutschen Urheberrecht und Leistungsschutzrecht. Jede Art der Vervielf\u00e4ltigung, Bearbeitung, Verbreitung, Einspeicherung und jede Art der Verwertung au\u00dferhalb der Grenzen des Urheberrechts bedarf der vorherigen schriftlichen Zustimmung des jeweiligen Rechteinhabers. Das unerlaubte Kopieren\/Speichern der bereitgestellten Informationen auf diesen Webseiten ist nicht gestattet und strafbar.<\/p>\n<p><strong>4. Datenschutz<br \/>\n<\/strong>Das Hosting erfolgt beim Provider 1&amp;1 IONOS (www.ionos.de).<\/p>\n<p>Ich setze weder Cookies noch Webtracking-Verfahren ein. F\u00fcr die Bereitstellung einiger Funktionen wird JavaScript ben\u00f6tigt. Wenn JavaScript in Ihrem Internetbrowser deaktiviert sein sollte, stehen Ihnen diese Funktionalit\u00e4t nicht oder nur in beschr\u00e4nktem Umfang zur Verf\u00fcgung. Die Webseite kann dennoch genutzt werden.<\/p>\n<p>Wenn Sie sich per E-Mail an mich wenden, werden Ihre personenbezogenen Daten ausschlie\u00dflich zum Zweck der Kommunikation mit Ihnen verwendet. Eine Weiterhabe an Dritte erfolgt nicht.<\/p>\n<p>Bei allen Fragen wenden Sie sich bitte am die im Impressum genannte Adresse.<\/p>\n<p>&nbsp;<\/p>\n<p><strong>Quelle<\/strong>: <a href=\"http:\/\/www.mustervorlage.net\/\">Mustervorlage.net<\/a><\/p>\n","protected":false},"excerpt":{"rendered":"<p>Impressum \/ Datenschutz Inhalt und Gestaltung drum art studio Kontakt Holger R\u00f6der Eduard-Spranger-Strasse 8 80935 M\u00fcnchen Tel.: 089 \/ 3136810 info@drum-art-studio.de &nbsp; Disclaimer \u2013 rechtliche Hinweise 1. Haftungsbeschr\u00e4nkung Die Inhalte des Internetauftritts wurden mit gr\u00f6\u00dftm\u00f6glicher Sorgfalt und nach bestem Gewissen erstellt. Dennoch \u00fcbernimmt der Anbieter dieser Webseite keine Gew\u00e4hr f\u00fcr die Aktualit\u00e4t, Vollst\u00e4ndigkeit und Richtigkeit&hellip;<\/p>\n","protected":false},"author":1,"featured_media":0,"parent":0,"menu_order":10,"comment_status":"closed","ping_status":"closed","template":"","meta":{"footnotes":""},"class_list":["post-25","page","type-page","status-publish","hentry"],"_links":{"self":[{"href":"https:\/\/www.drum-art-studio.de\/index.php?rest_route=\/wp\/v2\/pages\/25","targetHints":{"allow":["GET"]}}],"collection":[{"href":"https:\/\/www.drum-art-studio.de\/index.php?rest_route=\/wp\/v2\/pages"}],"about":[{"href":"https:\/\/www.drum-art-studio.de\/index.php?rest_route=\/wp\/v2\/types\/page"}],"author":[{"embeddable":true,"href":"https:\/\/www.drum-art-studio.de\/index.php?rest_route=\/wp\/v2\/users\/1"}],"replies":[{"embeddable":true,"href":"https:\/\/www.drum-art-studio.de\/index.php?rest_route=%2Fwp%2Fv2%2Fcomments&post=25"}],"version-history":[{"count":22,"href":"https:\/\/www.drum-art-studio.de\/index.php?rest_route=\/wp\/v2\/pages\/25\/revisions"}],"predecessor-version":[{"id":387,"href":"https:\/\/www.drum-art-studio.de\/index.php?rest_route=\/wp\/v2\/pages\/25\/revisions\/387"}],"wp:attachment":[{"href":"https:\/\/www.drum-art-studio.de\/index.php?rest_route=%2Fwp%2Fv2%2Fmedia&parent=25"}],"curies":[{"name":"wp","href":"https:\/\/api.w.org\/{rel}","templated":true}]}}